{"id":948,"date":"2024-02-18T15:39:26","date_gmt":"2024-02-18T20:39:26","guid":{"rendered":"https:\/\/bellanailsbar.ca\/a-propos-de-nous\/"},"modified":"2026-03-13T04:49:43","modified_gmt":"2026-03-13T08:49:43","slug":"a-propos-de-nous","status":"publish","type":"page","link":"https:\/\/bellanailsbar.ca\/fr\/a-propos-de-nous\/","title":{"rendered":"\u00c0 propos de nous"},"content":{"rendered":"\t\t<div data-elementor-type=\"wp-page\" data-elementor-id=\"948\" class=\"elementor elementor-948 elementor-140\" data-elementor-post-type=\"page\">\n\t\t\t\t<div class=\"elementor-element elementor-element-c979c28 e-flex e-con-boxed e-con e-parent\" data-id=\"c979c28\" data-element_type=\"container\" data-settings=\"{&quot;background_background&quot;:&quot;classic&quot;}\">\n\t\t\t\t\t<div class=\"e-con-inner\">\n\t\t<div class=\"elementor-element elementor-element-5453e7e e-con-full e-flex e-con e-child\" data-id=\"5453e7e\" data-element_type=\"container\">\n\t\t\t\t<div class=\"elementor-element elementor-element-a6296e7 elementor-invisible elementor-widget elementor-widget-heading\" data-id=\"a6296e7\" data-element_type=\"widget\" data-settings=\"{&quot;_animation&quot;:&quot;fadeInLeft&quot;}\" data-widget_type=\"heading.default\">\n\t\t\t\t<div class=\"elementor-widget-container\">\n\t\t\t\t\t<h1 class=\"elementor-heading-title elementor-size-default\">\u00c0 propos de nous<\/h1>\t\t\t\t<\/div>\n\t\t\t\t<\/div>\n\t\t\t\t<\/div>\n\t\t<div class=\"elementor-element elementor-element-77e8710 e-con-full e-flex e-con e-child\" data-id=\"77e8710\" data-element_type=\"container\">\n\t\t\t\t<\/div>\n\t\t\t\t\t<\/div>\n\t\t\t\t<\/div>\n\t\t<div class=\"elementor-element elementor-element-0b33238 e-flex e-con-boxed e-con e-parent\" data-id=\"0b33238\" data-element_type=\"container\">\n\t\t\t\t\t<div class=\"e-con-inner\">\n\t\t<div class=\"elementor-element elementor-element-d125f02 e-con-full e-flex e-con e-child\" data-id=\"d125f02\" data-element_type=\"container\">\n\t\t\t\t<div class=\"elementor-element elementor-element-f35691c elementor-widget elementor-widget-image\" data-id=\"f35691c\" data-element_type=\"widget\" data-widget_type=\"image.default\">\n\t\t\t\t<div class=\"elementor-widget-container\">\n\t\t\t\t\t\t\t\t\t\t\t\t\t\t\t<img fetchpriority=\"high\" decoding=\"async\" width=\"800\" height=\"533\" src=\"https:\/\/bellanailsbar.ca\/wp-content\/uploads\/2024\/02\/5206-1024x682.jpg\" class=\"attachment-large size-large wp-image-338\" alt=\"\" srcset=\"https:\/\/bellanailsbar.ca\/wp-content\/uploads\/2024\/02\/5206-1024x682.jpg 1024w, https:\/\/bellanailsbar.ca\/wp-content\/uploads\/2024\/02\/5206-300x200.jpg 300w, https:\/\/bellanailsbar.ca\/wp-content\/uploads\/2024\/02\/5206-768x512.jpg 768w, https:\/\/bellanailsbar.ca\/wp-content\/uploads\/2024\/02\/5206-1536x1024.jpg 1536w, https:\/\/bellanailsbar.ca\/wp-content\/uploads\/2024\/02\/5206.jpg 2000w\" sizes=\"(max-width: 800px) 100vw, 800px\" \/>\t\t\t\t\t\t\t\t\t\t\t\t\t\t\t<\/div>\n\t\t\t\t<\/div>\n\t\t\t\t<\/div>\n\t\t<div class=\"elementor-element elementor-element-b9c5ccc e-con-full e-flex e-con e-child\" data-id=\"b9c5ccc\" data-element_type=\"container\">\n\t\t\t\t<div class=\"elementor-element elementor-element-c8af878 elementor-widget elementor-widget-heading\" data-id=\"c8af878\" data-element_type=\"widget\" data-widget_type=\"heading.default\">\n\t\t\t\t<div class=\"elementor-widget-container\">\n\t\t\t\t\t<h2 class=\"elementor-heading-title elementor-size-default\">Bienvenue chez Bella Nails Lashes Bar<\/h2>\t\t\t\t<\/div>\n\t\t\t\t<\/div>\n\t\t\t\t<div class=\"elementor-element elementor-element-31bdcd6 elementor-widget elementor-widget-text-editor\" data-id=\"31bdcd6\" data-element_type=\"widget\" data-widget_type=\"text-editor.default\">\n\t\t\t\t<div class=\"elementor-widget-container\">\n\t\t\t\t\t\t\t\t\t<p>Fi\u00e8rement au service de la communaut\u00e9 de Rosem\u00e8re <strong>depuis 2017<\/strong>, <strong>Bella Nails Lashes Bar<\/strong> est votre destination locale pour des soins experts des ongles et de la beaut\u00e9. Connus pour notre engagement en faveur de la qualit\u00e9, de la propret\u00e9 et de la satisfaction du client, nous offrons une gamme compl\u00e8te de services dans un cadre chaleureux et accueillant. Que vous veniez pour une manucure rapide ou pour une journ\u00e9e compl\u00e8te de spa, nous nous engageons \u00e0 vous faire sentir choy\u00e9, poli et radieux.<\/p>\n\t\t\t\t\t\t\t\t<\/div>\n\t\t\t\t<\/div>\n\t\t\t\t<div class=\"elementor-element elementor-element-0efedc6 elementor-widget elementor-widget-html\" data-id=\"0efedc6\" data-element_type=\"widget\" data-widget_type=\"html.default\">\n\t\t\t\t<div class=\"elementor-widget-container\">\n\t\t\t\t\t\n<style>\/*-------------gallery1--------- *\/\n.gallery1 .gallery-item {\n  position: relative;\n  transition: 0.5s;\n  transform-style: preserve-3d;\n  overflow: hidden;\n  padding: 10px;\n}\n\n.gallery1:hover .gallery-item {\n  transform: rotateY(25deg);\n}\n\n.gallery1 .gallery-item:hover {\n  transform: rotateY(0deg) scale(1.09);\n  z-index: 1;\n  margin: -10px;\n  box-shadow: 0 25px 40px rgba(0, 0, 0, 0.5);\n}\n<\/style>\t\t\t\t<\/div>\n\t\t\t\t<\/div>\n\t\t\t\t<\/div>\n\t\t\t\t\t<\/div>\n\t\t\t\t<\/div>\n\t\t<div class=\"elementor-element elementor-element-4bf9866 e-grid e-con-boxed e-con e-parent\" data-id=\"4bf9866\" data-element_type=\"container\">\n\t\t\t\t\t<div class=\"e-con-inner\">\n\t\t\t\t<div class=\"elementor-element elementor-element-1db619f elementor-widget elementor-widget-heading\" data-id=\"1db619f\" data-element_type=\"widget\" data-widget_type=\"heading.default\">\n\t\t\t\t<div class=\"elementor-widget-container\">\n\t\t\t\t\t<h3 class=\"elementor-heading-title elementor-size-default\">Plus de 9 ans de beaut\u00e9 et de confiance\n<\/h3>\t\t\t\t<\/div>\n\t\t\t\t<\/div>\n\t\t\t\t<div class=\"elementor-element elementor-element-a5f1b4d gallery1 elementor-widget elementor-widget-image-gallery\" data-id=\"a5f1b4d\" data-element_type=\"widget\" data-widget_type=\"image-gallery.default\">\n\t\t\t\t<div class=\"elementor-widget-container\">\n\t\t\t\t\t\t\t<div class=\"elementor-image-gallery\">\n\t\t\t<div id='gallery-1' class='gallery galleryid-948 gallery-columns-3 gallery-size-medium'><figure class='gallery-item'>\n\t\t\t<div class='gallery-icon landscape'>\n\t\t\t\t<a data-elementor-open-lightbox=\"yes\" data-elementor-lightbox-slideshow=\"a5f1b4d\" data-elementor-lightbox-title=\"Manicure\" data-e-action-hash=\"#elementor-action%3Aaction%3Dlightbox%26settings%3DeyJpZCI6NDg3LCJ1cmwiOiJodHRwczpcL1wvYmVsbGFuYWlsc2Jhci5jYVwvd3AtY29udGVudFwvdXBsb2Fkc1wvMjAyNFwvMDJcL01hbmljdXJlLmpwZyIsInNsaWRlc2hvdyI6ImE1ZjFiNGQifQ%3D%3D\" href='https:\/\/bellanailsbar.ca\/wp-content\/uploads\/2024\/02\/Manicure.jpg'><img decoding=\"async\" width=\"300\" height=\"300\" src=\"https:\/\/bellanailsbar.ca\/wp-content\/uploads\/2024\/02\/Manicure-300x300.jpg\" class=\"attachment-medium size-medium\" alt=\"\" srcset=\"https:\/\/bellanailsbar.ca\/wp-content\/uploads\/2024\/02\/Manicure-300x300.jpg 300w, https:\/\/bellanailsbar.ca\/wp-content\/uploads\/2024\/02\/Manicure-150x150.jpg 150w, https:\/\/bellanailsbar.ca\/wp-content\/uploads\/2024\/02\/Manicure.jpg 500w\" sizes=\"(max-width: 300px) 100vw, 300px\" \/><\/a>\n\t\t\t<\/div><\/figure><figure class='gallery-item'>\n\t\t\t<div class='gallery-icon landscape'>\n\t\t\t\t<a data-elementor-open-lightbox=\"yes\" data-elementor-lightbox-slideshow=\"a5f1b4d\" data-elementor-lightbox-title=\"Nail Art\" data-e-action-hash=\"#elementor-action%3Aaction%3Dlightbox%26settings%3DeyJpZCI6NDg4LCJ1cmwiOiJodHRwczpcL1wvYmVsbGFuYWlsc2Jhci5jYVwvd3AtY29udGVudFwvdXBsb2Fkc1wvMjAyNFwvMDJcL05haWwtQXJ0LmpwZyIsInNsaWRlc2hvdyI6ImE1ZjFiNGQifQ%3D%3D\" href='https:\/\/bellanailsbar.ca\/wp-content\/uploads\/2024\/02\/Nail-Art.jpg'><img decoding=\"async\" width=\"300\" height=\"300\" src=\"https:\/\/bellanailsbar.ca\/wp-content\/uploads\/2024\/02\/Nail-Art-300x300.jpg\" class=\"attachment-medium size-medium\" alt=\"\" srcset=\"https:\/\/bellanailsbar.ca\/wp-content\/uploads\/2024\/02\/Nail-Art-300x300.jpg 300w, https:\/\/bellanailsbar.ca\/wp-content\/uploads\/2024\/02\/Nail-Art-150x150.jpg 150w, https:\/\/bellanailsbar.ca\/wp-content\/uploads\/2024\/02\/Nail-Art.jpg 500w\" sizes=\"(max-width: 300px) 100vw, 300px\" \/><\/a>\n\t\t\t<\/div><\/figure><figure class='gallery-item'>\n\t\t\t<div class='gallery-icon landscape'>\n\t\t\t\t<a data-elementor-open-lightbox=\"yes\" data-elementor-lightbox-slideshow=\"a5f1b4d\" data-elementor-lightbox-title=\"Pedicure\" data-e-action-hash=\"#elementor-action%3Aaction%3Dlightbox%26settings%3DeyJpZCI6NDg5LCJ1cmwiOiJodHRwczpcL1wvYmVsbGFuYWlsc2Jhci5jYVwvd3AtY29udGVudFwvdXBsb2Fkc1wvMjAyNFwvMDJcL1BlZGljdXJlLmpwZyIsInNsaWRlc2hvdyI6ImE1ZjFiNGQifQ%3D%3D\" href='https:\/\/bellanailsbar.ca\/wp-content\/uploads\/2024\/02\/Pedicure.jpg'><img loading=\"lazy\" decoding=\"async\" width=\"300\" height=\"300\" src=\"https:\/\/bellanailsbar.ca\/wp-content\/uploads\/2024\/02\/Pedicure-300x300.jpg\" class=\"attachment-medium size-medium\" alt=\"\" srcset=\"https:\/\/bellanailsbar.ca\/wp-content\/uploads\/2024\/02\/Pedicure-300x300.jpg 300w, https:\/\/bellanailsbar.ca\/wp-content\/uploads\/2024\/02\/Pedicure-150x150.jpg 150w, https:\/\/bellanailsbar.ca\/wp-content\/uploads\/2024\/02\/Pedicure.jpg 500w\" sizes=\"(max-width: 300px) 100vw, 300px\" \/><\/a>\n\t\t\t<\/div><\/figure>\n\t\t<\/div>\n\t\t<\/div>\n\t\t\t\t\t\t<\/div>\n\t\t\t\t<\/div>\n\t\t\t\t\t<\/div>\n\t\t\t\t<\/div>\n\t\t<div class=\"elementor-element elementor-element-224ec0c e-flex e-con-boxed e-con e-parent\" data-id=\"224ec0c\" data-element_type=\"container\">\n\t\t\t\t\t<div class=\"e-con-inner\">\n\t\t<div class=\"elementor-element elementor-element-ab530b6 e-con-full e-flex e-con e-child\" data-id=\"ab530b6\" data-element_type=\"container\">\n\t\t\t\t<div class=\"elementor-element elementor-element-6dba265 elementor-widget elementor-widget-heading\" data-id=\"6dba265\" data-element_type=\"widget\" data-widget_type=\"heading.default\">\n\t\t\t\t<div class=\"elementor-widget-container\">\n\t\t\t\t\t<h2 class=\"elementor-heading-title elementor-size-default\">Fier de servir la communaut\u00e9 de Rosem\u00e8re depuis 2017 !<\/h2>\t\t\t\t<\/div>\n\t\t\t\t<\/div>\n\t\t\t\t<div class=\"elementor-element elementor-element-e6cac24 elementor-widget elementor-widget-text-editor\" data-id=\"e6cac24\" data-element_type=\"widget\" data-widget_type=\"text-editor.default\">\n\t\t\t\t<div class=\"elementor-widget-container\">\n\t\t\t\t\t\t\t\t\t<p><strong>Bella Nails Lashes Bar<\/strong> s&rsquo;est forg\u00e9 une r\u00e9putation de qualit\u00e9 et de d\u00e9vouement dans le domaine des soins des ongles, offrant une gamme compl\u00e8te de services allant des manucures et p\u00e9dicures au nail art cr\u00e9atif et aux traitements de spa. Avec plus de <strong>9 ans<\/strong> d\u2019expertise, notre \u00e9quipe qualifi\u00e9e offre un service personnalis\u00e9 et de haute qualit\u00e9 dans une atmosph\u00e8re relaxante et accueillante.<\/p>\n<p>Nous accordons la priorit\u00e9 \u00e0 la propret\u00e9, \u00e0 la pr\u00e9cision et \u00e0 la satisfaction de nos clients, en veillant \u00e0 ce que chacun reparte choy\u00e9 et resplendissant.<\/p>\n<p>D\u00e9couvrez d\u00e8s aujourd\u2019hui l\u2019exp\u00e9rience \u00a1 et laissez notre \u00e9quipe exp\u00e9riment\u00e9e sublimer vos mains et vos pieds!<\/p>\n\t\t\t\t\t\t\t\t<\/div>\n\t\t\t\t<\/div>\n\t\t\t\t<\/div>\n\t\t<div class=\"elementor-element elementor-element-dd900e0 e-con-full e-flex e-con e-child\" data-id=\"dd900e0\" data-element_type=\"container\">\n\t\t\t\t<div class=\"elementor-element elementor-element-f741161 elementor-widget elementor-widget-image\" data-id=\"f741161\" data-element_type=\"widget\" data-widget_type=\"image.default\">\n\t\t\t\t<div class=\"elementor-widget-container\">\n\t\t\t\t\t\t\t\t\t\t\t\t\t\t\t<img loading=\"lazy\" decoding=\"async\" width=\"800\" height=\"533\" src=\"https:\/\/bellanailsbar.ca\/wp-content\/uploads\/2024\/02\/10702-1024x682.jpg\" class=\"attachment-large size-large wp-image-339\" alt=\"\" srcset=\"https:\/\/bellanailsbar.ca\/wp-content\/uploads\/2024\/02\/10702-1024x682.jpg 1024w, https:\/\/bellanailsbar.ca\/wp-content\/uploads\/2024\/02\/10702-300x200.jpg 300w, https:\/\/bellanailsbar.ca\/wp-content\/uploads\/2024\/02\/10702-768x512.jpg 768w, https:\/\/bellanailsbar.ca\/wp-content\/uploads\/2024\/02\/10702-1536x1024.jpg 1536w, https:\/\/bellanailsbar.ca\/wp-content\/uploads\/2024\/02\/10702.jpg 2000w\" sizes=\"(max-width: 800px) 100vw, 800px\" \/>\t\t\t\t\t\t\t\t\t\t\t\t\t\t\t<\/div>\n\t\t\t\t<\/div>\n\t\t\t\t<\/div>\n\t\t\t\t\t<\/div>\n\t\t\t\t<\/div>\n\t\t<div class=\"elementor-element elementor-element-2b6d418 e-grid e-con-boxed e-con e-parent\" data-id=\"2b6d418\" data-element_type=\"container\">\n\t\t\t\t\t<div class=\"e-con-inner\">\n\t\t\t\t<div class=\"elementor-element elementor-element-cbd396b elementor-widget elementor-widget-counter\" data-id=\"cbd396b\" data-element_type=\"widget\" data-widget_type=\"counter.default\">\n\t\t\t\t<div class=\"elementor-widget-container\">\n\t\t\t\t\t\t\t<div class=\"elementor-counter\">\n\t\t\t<div class=\"elementor-counter-title\">Satisfaction de la client\u00e8le<\/div>\t\t\t<div class=\"elementor-counter-number-wrapper\">\n\t\t\t\t<span class=\"elementor-counter-number-prefix\"><\/span>\n\t\t\t\t<span class=\"elementor-counter-number\" data-duration=\"2000\" data-to-value=\"99\" data-from-value=\"0\" data-delimiter=\",\">0<\/span>\n\t\t\t\t<span class=\"elementor-counter-number-suffix\">%<\/span>\n\t\t\t<\/div>\n\t\t<\/div>\n\t\t\t\t\t\t<\/div>\n\t\t\t\t<\/div>\n\t\t\t\t<div class=\"elementor-element elementor-element-e34f880 elementor-widget elementor-widget-counter\" data-id=\"e34f880\" data-element_type=\"widget\" data-widget_type=\"counter.default\">\n\t\t\t\t<div class=\"elementor-widget-container\">\n\t\t\t\t\t\t\t<div class=\"elementor-counter\">\n\t\t\t<div class=\"elementor-counter-title\">Ann\u00e9es d\u2019exp\u00e9rience<\/div>\t\t\t<div class=\"elementor-counter-number-wrapper\">\n\t\t\t\t<span class=\"elementor-counter-number-prefix\"><\/span>\n\t\t\t\t<span class=\"elementor-counter-number\" data-duration=\"1000\" data-to-value=\"9\" data-from-value=\"0\" data-delimiter=\",\">0<\/span>\n\t\t\t\t<span class=\"elementor-counter-number-suffix\"><\/span>\n\t\t\t<\/div>\n\t\t<\/div>\n\t\t\t\t\t\t<\/div>\n\t\t\t\t<\/div>\n\t\t\t\t\t<\/div>\n\t\t\t\t<\/div>\n\t\t\t\t<\/div>\n\t\t","protected":false},"excerpt":{"rendered":"<p>\u00c0 propos de nous Bienvenue chez Bella Nails Lashes Bar Fi\u00e8rement au service de la communaut\u00e9 de Rosem\u00e8re depuis 2017, Bella Nails Lashes Bar est votre destination locale pour des soins experts des ongles et de la beaut\u00e9. Connus pour notre engagement en faveur de la qualit\u00e9, de la propret\u00e9 et de la satisfaction du [&hellip;]<\/p>\n","protected":false},"author":1,"featured_media":0,"parent":0,"menu_order":0,"comment_status":"closed","ping_status":"closed","template":"elementor_header_footer","meta":{"footnotes":""},"class_list":["post-948","page","type-page","status-publish","hentry"],"_links":{"self":[{"href":"https:\/\/bellanailsbar.ca\/fr\/wp-json\/wp\/v2\/pages\/948","targetHints":{"allow":["GET"]}}],"collection":[{"href":"https:\/\/bellanailsbar.ca\/fr\/wp-json\/wp\/v2\/pages"}],"about":[{"href":"https:\/\/bellanailsbar.ca\/fr\/wp-json\/wp\/v2\/types\/page"}],"author":[{"embeddable":true,"href":"https:\/\/bellanailsbar.ca\/fr\/wp-json\/wp\/v2\/users\/1"}],"replies":[{"embeddable":true,"href":"https:\/\/bellanailsbar.ca\/fr\/wp-json\/wp\/v2\/comments?post=948"}],"version-history":[{"count":17,"href":"https:\/\/bellanailsbar.ca\/fr\/wp-json\/wp\/v2\/pages\/948\/revisions"}],"predecessor-version":[{"id":2316,"href":"https:\/\/bellanailsbar.ca\/fr\/wp-json\/wp\/v2\/pages\/948\/revisions\/2316"}],"wp:attachment":[{"href":"https:\/\/bellanailsbar.ca\/fr\/wp-json\/wp\/v2\/media?parent=948"}],"curies":[{"name":"wp","href":"https:\/\/api.w.org\/{rel}","templated":true}]}}